{"id":596,"date":"2014-03-17T18:16:08","date_gmt":"2014-03-17T18:16:08","guid":{"rendered":"http:\/\/demo.themegrill.com\/spacious\/?page_id=19"},"modified":"2025-05-20T17:36:56","modified_gmt":"2025-05-20T20:36:56","slug":"awesome-support","status":"publish","type":"page","link":"https:\/\/chucaoenvios.cl\/?page_id=596","title":{"rendered":"\u00bfQui\u00e9nes somos?"},"content":{"rendered":"\n<div class=\"wp-block-media-text is-stacked-on-mobile\"><figure class=\"wp-block-media-text__media\"><img loading=\"lazy\" decoding=\"async\" width=\"1024\" height=\"577\" src=\"https:\/\/chucaoenvios.cl\/wp-content\/uploads\/2025\/05\/20230302_193902-1-1024x577.jpg\" alt=\"\" class=\"wp-image-738 size-full\" srcset=\"https:\/\/chucaoenvios.cl\/wp-content\/uploads\/2025\/05\/20230302_193902-1-1024x577.jpg 1024w, https:\/\/chucaoenvios.cl\/wp-content\/uploads\/2025\/05\/20230302_193902-1-300x169.jpg 300w, https:\/\/chucaoenvios.cl\/wp-content\/uploads\/2025\/05\/20230302_193902-1-768x433.jpg 768w, https:\/\/chucaoenvios.cl\/wp-content\/uploads\/2025\/05\/20230302_193902-1.jpg 1248w\" sizes=\"auto, (max-width: 1024px) 100vw, 1024px\" \/><\/figure><div class=\"wp-block-media-text__content\">\n<p class=\"has-medium-font-size\">Somos Jos\u00e9 y Romina, una pareja de emprendedores de Coyhaique. Jos\u00e9 se dedica al turismo y conoce cada rinc\u00f3n de esta tierra que lo vio nacer. Yo, Romina, soy ingeniera en inform\u00e1tica y trabajo en el mundo del ecommerce.<\/p>\n\n\n\n<p class=\"has-medium-font-size\">Sabemos lo dif\u00edcil que es sacar adelante un negocio local sin un sistema de log\u00edstica confiable. As\u00ed naci\u00f3 <strong>ChucaoEnvios<\/strong>, inspirados en el ave chucao y en la necesidad de conectar de forma \u00e1gil y segura a los emprendedores de nuestra regi\u00f3n con sus clientes.<\/p>\n\n\n\n<p class=\"has-medium-font-size\">Queremos ser ese impulso que permita que tus productos y sue\u00f1os lleguen m\u00e1s lejos, desde el sur, con compromiso y cari\u00f1o.<\/p>\n<\/div><\/div>\n\n\n\n<p class=\"has-text-color\" style=\"color:#000000;font-size:17px\"><\/p>\n\n\n<div class=\"everest-forms\"><div class=\"evf-container default\" id=\"evf-19\"><form id=\"evf-form-19\" class=\"everest-form\" data-formid=\"19\" data-ajax_submission=\"0\" data-keyboard_friendly_form=\"0\" method=\"post\" enctype=\"multipart\/form-data\" action=\"\/index.php?rest_route=%2Fwp%2Fv2%2Fpages%2F596\"><div class=\"evf-field-container\"><input type=\"hidden\" id=\"_wpnonce19\" name=\"_wpnonce19\" value=\"4743f1b2ec\" \/><input type=\"hidden\" name=\"_wp_http_referer\" value=\"\/index.php?rest_route=%2Fwp%2Fv2%2Fpages%2F596\" \/><div class=\"evf-frontend-row\" data-row=\"row_1\" conditional_rules=\"[]\"><div class=\"evf-frontend-grid evf-grid-1\" data-grid=\"grid_1\"><div id=\"evf-19-field_fullname-container\" class=\"evf-field evf-field-text form-row validate-required\" data-required-field-message=\"Este campo es obligatorio.\" data-field-id=\"fullname\"><label class=\"evf-field-label\" for=\"evf-19-field_fullname\"><span class=\"evf-label\">Nombre<\/span> <abbr class=\"required\" title=\"Obligatorio\">*<\/abbr><\/label><input type=\"text\" id=\"evf-19-field_fullname\" class=\"input-text\" name=\"everest_forms[form_fields][fullname]\" required><\/div><div id=\"evf-19-field_email-container\" class=\"evf-field evf-field-email form-row validate-required validate-email\" data-required-field-message=\"Por favor, introduce una direcci\u00f3n de correo electr\u00f3nico v\u00e1lida.\" data-field-id=\"email\"><label class=\"evf-field-label\" for=\"evf-19-field_email\"><span class=\"evf-label\">Email<\/span> <abbr class=\"required\" title=\"Obligatorio\">*<\/abbr><\/label><input type=\"email\" id=\"evf-19-field_email\" class=\"input-text\" name=\"everest_forms[form_fields][email]\" required ><\/div><div id=\"evf-19-field_subject-container\" class=\"evf-field evf-field-text form-row validate-required\" data-required-field-message=\"Este campo es obligatorio.\" data-field-id=\"subject\"><label class=\"evf-field-label\" for=\"evf-19-field_subject\"><span class=\"evf-label\">Asunto<\/span> <abbr class=\"required\" title=\"Obligatorio\">*<\/abbr><\/label><input type=\"text\" id=\"evf-19-field_subject\" class=\"input-text\" name=\"everest_forms[form_fields][subject]\" required><\/div><div id=\"evf-19-field_message-container\" class=\"evf-field evf-field-textarea form-row\" data-field-id=\"message\"><label class=\"evf-field-label\" for=\"evf-19-field_message\"><span class=\"evf-label\">Mensaje<\/span> <\/label><textarea id=\"evf-19-field_message\" class=\"input-text\" name=\"everest_forms[form_fields][message]\"  ><\/textarea><\/div><\/div><\/div><\/div><div class=\"evf-honeypot-container evf-field-hp\"><label for=\"evf-19-field-hp\" class=\"evf-field-label\">Website<\/label><input type=\"text\" name=\"everest_forms[hp]\" id=\"evf-19-field-hp\" class=\"input-text\"><\/div><div class=\"evf-submit-container \" ><input type=\"hidden\" name=\"everest_forms[id]\" value=\"19\"><input type=\"hidden\" name=\"everest_forms[author]\" value=\"1\"><button type='submit' name='everest_forms[submit]' class='everest-forms-submit-button button evf-submit ' id='evf-submit-19' value='evf-submit' data-process-text=\"Procesando...\" conditional_rules='&quot;&quot;' conditional_id='evf-submit-19'  id=\"evf-submit-19\" aria-live=\"assertive\">Enviar<\/button><\/div><\/form><\/div><!-- .evf-container --><\/div>\n","protected":false},"excerpt":{"rendered":"<p>Chocolate bar caramels fruitcake icing. Jujubes gingerbread marzipan applicake sweet lemon drops. Marshmallow cupcake bear claw oat cake candy marzipan. Cookie souffl\u00e9 bear claw.<\/p>\n","protected":false},"author":1,"featured_media":232,"parent":0,"menu_order":0,"comment_status":"closed","ping_status":"open","template":"page-templates\/page-full-width.php","meta":{"footnotes":""},"class_list":["post-596","page","type-page","status-publish","has-post-thumbnail","hentry"],"_links":{"self":[{"href":"https:\/\/chucaoenvios.cl\/index.php?rest_route=\/wp\/v2\/pages\/596","targetHints":{"allow":["GET"]}}],"collection":[{"href":"https:\/\/chucaoenvios.cl\/index.php?rest_route=\/wp\/v2\/pages"}],"about":[{"href":"https:\/\/chucaoenvios.cl\/index.php?rest_route=\/wp\/v2\/types\/page"}],"author":[{"embeddable":true,"href":"https:\/\/chucaoenvios.cl\/index.php?rest_route=\/wp\/v2\/users\/1"}],"replies":[{"embeddable":true,"href":"https:\/\/chucaoenvios.cl\/index.php?rest_route=%2Fwp%2Fv2%2Fcomments&post=596"}],"version-history":[{"count":8,"href":"https:\/\/chucaoenvios.cl\/index.php?rest_route=\/wp\/v2\/pages\/596\/revisions"}],"predecessor-version":[{"id":744,"href":"https:\/\/chucaoenvios.cl\/index.php?rest_route=\/wp\/v2\/pages\/596\/revisions\/744"}],"wp:featuredmedia":[{"embeddable":true,"href":"https:\/\/chucaoenvios.cl\/index.php?rest_route=\/wp\/v2\/media\/232"}],"wp:attachment":[{"href":"https:\/\/chucaoenvios.cl\/index.php?rest_route=%2Fwp%2Fv2%2Fmedia&parent=596"}],"curies":[{"name":"wp","href":"https:\/\/api.w.org\/{rel}","templated":true}]}}